{"id":51733,"date":"2015-07-28T10:53:45","date_gmt":"2015-07-28T09:53:45","guid":{"rendered":"https:\/\/www.masfarchat.fr\/en\/mas-farchat"},"modified":"2015-09-12T13:08:31","modified_gmt":"2015-09-12T11:08:31","slug":"mas-farchat","status":"publish","type":"page","link":"https:\/\/www.masfarchat.fr\/en\/mas-farchat\/","title":{"rendered":"The domain"},"content":{"rendered":"<div class=\"wpb-content-wrapper\"><p>[vc_row row_type=&#8221;row&#8221; use_row_as_full_screen_section=&#8221;yes&#8221; type=&#8221;full_width&#8221; icon_pack=&#8221;font_awesome&#8221; oblique_section=&#8221;no&#8221; oblique_section_top_and_bottom=&#8221;both&#8221; oblique_section_position=&#8221;from_left_to_right&#8221; text_align=&#8221;left&#8221; triangle_shape=&#8221;no&#8221; triangle_shape_position=&#8221;both&#8221; full_screen_section_height=&#8221;no&#8221; vertically_align_content_in_middle=&#8221;no&#8221; in_content_menu=&#8221;&#8221; pattern_background=&#8221;&#8221; use_as_box=&#8221;&#8221; box_shadow_on_row=&#8221;no&#8221;][vc_column width=&#8221;1\/1&#8243;][no_vertical_split_slider background_color=&#8221;#181818&#8243;][no_vertical_left_sliding_panel][no_vertical_slide_content_item background_color=&#8221;#181818&#8243; aligment=&#8221;left&#8221;][no_elements_holder number_of_columns=&#8221;one_column&#8221; items_float_left=&#8221;&#8221; switch_to_one_column=&#8221;768&#8243;][no_elements_holder_item item_padding=&#8221;0 10% 0 10%&#8221; aligment=&#8221;left&#8221; advanced_animations=&#8221;no&#8221; start_position=&#8221;bottom&#8221; end_position=&#8221;center&#8221; item_padding_600_768=&#8221;0 5% 0 5%&#8221; item_padding_480_600=&#8221;0 4% 0 4%&#8221; item_padding_480=&#8221;0 4% 0 4%&#8221; item_padding_768_1000=&#8221;0 5% 0 5%&#8221;][vc_column_text]<\/p>\n<h1>The domain<\/h1>\n<p>[\/vc_column_text][vc_separator type=&#8221;transparent&#8221; position=&#8221;center&#8221; up=&#8221;10&#8243; down=&#8221;0&#8243;][vc_column_text]<\/p>\n<h3>From the cave to the cellar<\/h3>\n<p>[\/vc_column_text][vc_separator type=&#8221;transparent&#8221; position=&#8221;center&#8221; up=&#8221;11&#8243; down=&#8221;0&#8243;][vc_column_text]<span id=\"result_box\" class=\"\" lang=\"en\"><span class=\"\">Mas Farchat is in the small village of Gabian, northwest of P\u00e9zenas, and located at the heart of the region of the appelation Coteaux du Languedoc, between Faug\u00e8res and Cabri\u00e8res. <\/span><\/span><\/p>\n<p><span id=\"result_box\" class=\"\" lang=\"en\"><span class=\"\">Since 2011 this family-run domaine has started to make its own wines: the first results of this new enterprise are two red wines: Genese and Mas Farchat, and a white wine and a rose will follow shortly. A brand new winemaking cave designed by the architect Bruno Lapostat will soon be built so that we can develop our range and make our wines in the best possible conditions.<\/span><\/span>[\/vc_column_text][vc_separator type=&#8221;transparent&#8221; position=&#8221;center&#8221; up=&#8221;20&#8243; down=&#8221;0&#8243;][\/no_elements_holder_item][\/no_elements_holder][\/no_vertical_slide_content_item][no_vertical_slide_content_item background_image=&#8221;51023&#8243; aligment=&#8221;left&#8221;][\/no_vertical_slide_content_item][no_vertical_slide_content_item background_color=&#8221;#181818&#8243; aligment=&#8221;left&#8221;][no_elements_holder number_of_columns=&#8221;one_column&#8221; items_float_left=&#8221;&#8221; switch_to_one_column=&#8221;768&#8243;][no_elements_holder_item item_padding=&#8221;0 10% 0 10%&#8221; aligment=&#8221;left&#8221; advanced_animations=&#8221;no&#8221; start_position=&#8221;bottom&#8221; end_position=&#8221;center&#8221; item_padding_600_768=&#8221;0 5% 0 5%&#8221; item_padding_480_600=&#8221;0 4% 0 4%&#8221; item_padding_480=&#8221;0 4% 0 4%&#8221; item_padding_768_1000=&#8221;0 5% 0 5%&#8221;][vc_column_text]<\/p>\n<h2>The AOP Languedoc-P\u00e9zenas<\/h2>\n<p>[\/vc_column_text][vc_separator type=&#8221;transparent&#8221; position=&#8221;center&#8221; up=&#8221;10&#8243; down=&#8221;0&#8243;][vc_column_text]<\/p>\n<h3><span id=\"result_box\" class=\"short_text\" lang=\"en\"><span class=\"hps\">AOP stands for &#8220;Appellation d&#8217;Origine Prot\u00e9g\u00e9&#8221; <\/span><\/span><\/h3>\n<p>[\/vc_column_text][vc_separator type=&#8221;transparent&#8221; position=&#8221;center&#8221; up=&#8221;11&#8243; down=&#8221;0&#8243;][vc_column_text el_class=&#8221;white&#8221;]<\/p>\n<ul>\n<li><span id=\"result_box\" class=\"short_text\" lang=\"en\"><span class=\"hps\">Annual production is 5,000 hectolitres (half a million litres).<\/span><\/span><\/li>\n<li><span id=\"result_box\" class=\"short_text\" lang=\"en\"><\/span>Towns included: Adissan, Aspiran, Caux, Fontes, Fouzilhon, Gabian, Lieuran-Cabrieres, Montesquieu, Neffies, Nizas, Paulhan, Peret, Pezenas, Roujan, Vailhan.<\/li>\n<li><span id=\"result_box\" class=\"short_text\" lang=\"en\"><span class=\"hps\">Grape<\/span><\/span> varieties permitted: syrah, grenache noir, mourvedre, cinsault and carignan, the wine having to be made from at least two of these.<\/li>\n<li><span id=\"result_box\" class=\"\" lang=\"en\"><span class=\"hps\">Soils:<\/span> <span class=\"hps\">Villefranchian gravel, shale, limestone and sandstone, and including volcanic deposits of basalt<\/span><\/span>.<\/li>\n<li><span id=\"result_box\" class=\"short_text\" lang=\"en\"><span class=\"hps\">Strength: the alcohol level must be greater than 12.5%.<\/span><\/span><\/li>\n<li>Yield: limited to a maximum of 45 hectolitres per hectare.<\/li>\n<li><span id=\"result_box\" class=\"\" lang=\"en\"><span class=\"\">Wines are put on the market no sooner than 1st September of the year following the harvest.<\/span><\/span><\/li>\n<\/ul>\n<p>Source : <a href=\"http:\/\/www.ville-pezenas.fr\/les-aop-pezenas-3393\/\" target=\"_blank\">P\u00e9zenas city<\/a>[\/vc_column_text][vc_single_image border_color=&#8221;grey&#8221; img_link_large=&#8221;&#8221; img_link_target=&#8221;_blank&#8221; img_size=&#8221;200&#215;163&#8243; link=&#8221;http:\/\/www.pezenasenlanguedoc.com\/&#8221; image=&#8221;51560&#8243; css=&#8221;.vc_custom_1437600384122{margin-top: 5% !important;margin-bottom: 3% !important;}&#8221;][vc_separator type=&#8221;transparent&#8221; position=&#8221;center&#8221; up=&#8221;2&#8243; down=&#8221;0&#8243;][vc_separator type=&#8221;transparent&#8221; position=&#8221;center&#8221; up=&#8221;20&#8243; down=&#8221;0&#8243;][\/no_elements_holder_item][\/no_elements_holder][\/no_vertical_slide_content_item][\/no_vertical_left_sliding_panel][no_vertical_right_sliding_panel][no_vertical_slide_content_item background_image=&#8221;51593&#8243; aligment=&#8221;left&#8221;][\/no_vertical_slide_content_item][no_vertical_slide_content_item background_color=&#8221;#490a08&#8243; aligment=&#8221;left&#8221;][no_elements_holder number_of_columns=&#8221;one_column&#8221; items_float_left=&#8221;&#8221; switch_to_one_column=&#8221;768&#8243;][no_elements_holder_item item_padding=&#8221;0 10% 0 10%&#8221; aligment=&#8221;left&#8221; advanced_animations=&#8221;no&#8221; start_position=&#8221;bottom&#8221; end_position=&#8221;center&#8221; item_padding_600_768=&#8221;0 5% 0 5%&#8221; item_padding_480_600=&#8221;0 4% 0 4%&#8221; item_padding_480=&#8221;0 4% 0 4%&#8221; item_padding_768_1000=&#8221;0 5% 0 5%&#8221;][vc_column_text]<\/p>\n<h1>H\u00e9l\u00e8ne Jougla<\/h1>\n<p>[\/vc_column_text][vc_separator type=&#8221;transparent&#8221; position=&#8221;center&#8221; up=&#8221;10&#8243; down=&#8221;0&#8243;][vc_column_text]<\/p>\n<h3><span id=\"result_box\" class=\"short_text\" lang=\"en\"><span class=\"hps\">A woman<\/span><span class=\"\"> of passions<\/span><\/span><\/h3>\n<p>[\/vc_column_text][vc_separator type=&#8221;transparent&#8221; position=&#8221;center&#8221; up=&#8221;11&#8243; down=&#8221;0&#8243;][vc_column_text]<span id=\"result_box\" class=\"\" lang=\"en\">H\u00e9l\u00e8ne is the daughter of a vinegrowing family, born and bred in the village of Gabian. After a keen interest in classical ballet, her first love was for horses, an interest she still pursues today. Her very first horse was named Rouky de Farchat, and it&#8217;s in his memory that she named her cave Mas Farchat. When she left school, the future for winemaking looked bleak in the region, and she studied Tourism, but then decided to return to take over the family vineyard, an activity in which she is now professionally qualified.<br \/>\nA real countrywoman at heart, H\u00e9l\u00e8ne nevertheless likes travel to broaden her horizons. But at home she likes nothing better than an evening with friends round the dinner table \u2013 accompanied, of course, by a good bottle of wine!<br \/>\n<\/span>[\/vc_column_text][vc_separator type=&#8221;transparent&#8221; position=&#8221;center&#8221; up=&#8221;38&#8243; down=&#8221;0&#8243;][vc_separator type=&#8221;transparent&#8221; position=&#8221;center&#8221; up=&#8221;20&#8243; down=&#8221;0&#8243;][\/no_elements_holder_item][\/no_elements_holder][\/no_vertical_slide_content_item][no_vertical_slide_content_item background_image=&#8221;51017&#8243; aligment=&#8221;left&#8221;][\/no_vertical_slide_content_item][\/no_vertical_right_sliding_panel][\/no_vertical_split_slider][\/vc_column][\/vc_row]<\/p>\n<\/div>","protected":false},"excerpt":{"rendered":"<p>[vc_row row_type=&#8221;row&#8221; use_row_as_full_screen_section=&#8221;yes&#8221; type=&#8221;full_width&#8221; icon_pack=&#8221;font_awesome&#8221; oblique_section=&#8221;no&#8221; oblique_section_top_and_bottom=&#8221;both&#8221; oblique_section_position=&#8221;from_left_to_right&#8221; text_align=&#8221;left&#8221; triangle_shape=&#8221;no&#8221; triangle_shape_position=&#8221;both&#8221; full_screen_section_height=&#8221;no&#8221; vertically_align_content_in_middle=&#8221;no&#8221; in_content_menu=&#8221;&#8221; pattern_background=&#8221;&#8221; use_as_box=&#8221;&#8221; box_shadow_on_row=&#8221;no&#8221;][vc_column width=&#8221;1\/1&#8243;][no_vertical_split_slider background_color=&#8221;#181818&#8243;][no_vertical_left_sliding_panel][no_vertical_slide_content_item background_color=&#8221;#181818&#8243; aligment=&#8221;left&#8221;][no_elements_holder number_of_columns=&#8221;one_column&#8221; items_float_left=&#8221;&#8221; switch_to_one_column=&#8221;768&#8243;][no_elements_holder_item item_padding=&#8221;0 10% 0 10%&#8221; aligment=&#8221;left&#8221; advanced_animations=&#8221;no&#8221; start_position=&#8221;bottom&#8221; end_position=&#8221;center&#8221; item_padding_600_768=&#8221;0 5% 0 5%&#8221; item_padding_480_600=&#8221;0 4% 0 4%&#8221; item_padding_480=&#8221;0 4% 0 4%&#8221; item_padding_768_1000=&#8221;0 5% 0 5%&#8221;][vc_column_text] The domain [\/vc_column_text][vc_separator type=&#8221;transparent&#8221; position=&#8221;center&#8221; up=&#8221;10&#8243; down=&#8221;0&#8243;][vc_column_text] From the cave to the cellar [\/vc_column_text][vc_separator type=&#8221;transparent&#8221; position=&#8221;center&#8221; up=&#8221;11&#8243; down=&#8221;0&#8243;][vc_column_text]Mas Farchat is in the small village of Gabian, northwest of P\u00e9zenas, and located at the heart of the region of the appelation Coteaux du Languedoc, between Faug\u00e8res and Cabri\u00e8res. Since 2011 this family-run domaine has started to make its own wines: the first results of this new enterprise are two red wines: Genese and Mas Farchat, and a white wine and a rose will&#8230;<\/p>\n","protected":false},"author":1,"featured_media":0,"parent":0,"menu_order":0,"comment_status":"open","ping_status":"open","template":"full_width.php","meta":{"footnotes":""},"class_list":["post-51733","page","type-page","status-publish","hentry"],"yoast_head":"<!-- This site is optimized with the Yoast SEO plugin v27.3 - https:\/\/yoast.com\/product\/yoast-seo-wordpress\/ -->\n<title>H\u00e9l\u00e8ne Jougla winemaker in South of France<\/title>\n<meta name=\"robots\" content=\"index, follow, max-snippet:-1, max-image-preview:large, max-video-preview:-1\" \/>\n<link rel=\"canonical\" href=\"https:\/\/www.masfarchat.fr\/en\/mas-farchat\/\" \/>\n<meta property=\"og:locale\" content=\"en_US\" \/>\n<meta property=\"og:type\" content=\"article\" \/>\n<meta property=\"og:title\" content=\"H\u00e9l\u00e8ne Jougla winemaker in South of France\" \/>\n<meta property=\"og:description\" content=\"[vc_row row_type=&#8221;row&#8221; use_row_as_full_screen_section=&#8221;yes&#8221; type=&#8221;full_width&#8221; icon_pack=&#8221;font_awesome&#8221; oblique_section=&#8221;no&#8221; oblique_section_top_and_bottom=&#8221;both&#8221; oblique_section_position=&#8221;from_left_to_right&#8221; text_align=&#8221;left&#8221; triangle_shape=&#8221;no&#8221; triangle_shape_position=&#8221;both&#8221; full_screen_section_height=&#8221;no&#8221; vertically_align_content_in_middle=&#8221;no&#8221; in_content_menu=&#8221;&#8221; pattern_background=&#8221;&#8221; use_as_box=&#8221;&#8221; box_shadow_on_row=&#8221;no&#8221;][vc_column width=&#8221;1\/1&#8243;][no_vertical_split_slider background_color=&#8221;#181818&#8243;][no_vertical_left_sliding_panel][no_vertical_slide_content_item background_color=&#8221;#181818&#8243; aligment=&#8221;left&#8221;][no_elements_holder number_of_columns=&#8221;one_column&#8221; items_float_left=&#8221;&#8221; switch_to_one_column=&#8221;768&#8243;][no_elements_holder_item item_padding=&#8221;0 10% 0 10%&#8221; aligment=&#8221;left&#8221; advanced_animations=&#8221;no&#8221; start_position=&#8221;bottom&#8221; end_position=&#8221;center&#8221; item_padding_600_768=&#8221;0 5% 0 5%&#8221; item_padding_480_600=&#8221;0 4% 0 4%&#8221; item_padding_480=&#8221;0 4% 0 4%&#8221; item_padding_768_1000=&#8221;0 5% 0 5%&#8221;][vc_column_text] The domain [\/vc_column_text][vc_separator type=&#8221;transparent&#8221; position=&#8221;center&#8221; up=&#8221;10&#8243; down=&#8221;0&#8243;][vc_column_text] From the cave to the cellar [\/vc_column_text][vc_separator type=&#8221;transparent&#8221; position=&#8221;center&#8221; up=&#8221;11&#8243; down=&#8221;0&#8243;][vc_column_text]Mas Farchat is in the small village of Gabian, northwest of P\u00e9zenas, and located at the heart of the region of the appelation Coteaux du Languedoc, between Faug\u00e8res and Cabri\u00e8res. Since 2011 this family-run domaine has started to make its own wines: the first results of this new enterprise are two red wines: Genese and Mas Farchat, and a white wine and a rose will...\" \/>\n<meta property=\"og:url\" content=\"https:\/\/www.masfarchat.fr\/en\/mas-farchat\/\" \/>\n<meta property=\"og:site_name\" content=\"Mas Farchat\" \/>\n<meta property=\"article:publisher\" content=\"https:\/\/www.facebook.com\/masfarchat\" \/>\n<meta property=\"article:modified_time\" content=\"2015-09-12T11:08:31+00:00\" \/>\n<meta property=\"og:image\" content=\"https:\/\/www.masfarchat.fr\/wp-content\/uploads\/2015\/12\/quiz-Mas-Farchat2.jpg\" \/>\n\t<meta property=\"og:image:width\" content=\"1000\" \/>\n\t<meta property=\"og:image:height\" content=\"1000\" \/>\n\t<meta property=\"og:image:type\" content=\"image\/jpeg\" \/>\n<meta name=\"twitter:card\" content=\"summary_large_image\" \/>\n<meta name=\"twitter:site\" content=\"@MasFarchat\" \/>\n<meta name=\"twitter:label1\" content=\"Est. reading time\" \/>\n\t<meta name=\"twitter:data1\" content=\"4 minutes\" \/>\n<script type=\"application\/ld+json\" class=\"yoast-schema-graph\">{\"@context\":\"https:\\\/\\\/schema.org\",\"@graph\":[{\"@type\":\"WebPage\",\"@id\":\"https:\\\/\\\/www.masfarchat.fr\\\/en\\\/mas-farchat\\\/\",\"url\":\"https:\\\/\\\/www.masfarchat.fr\\\/en\\\/mas-farchat\\\/\",\"name\":\"H\u00e9l\u00e8ne Jougla winemaker in South of France\",\"isPartOf\":{\"@id\":\"https:\\\/\\\/www.masfarchat.fr\\\/en\\\/#website\"},\"datePublished\":\"2015-07-28T09:53:45+00:00\",\"dateModified\":\"2015-09-12T11:08:31+00:00\",\"breadcrumb\":{\"@id\":\"https:\\\/\\\/www.masfarchat.fr\\\/en\\\/mas-farchat\\\/#breadcrumb\"},\"inLanguage\":\"en-US\",\"potentialAction\":[{\"@type\":\"ReadAction\",\"target\":[\"https:\\\/\\\/www.masfarchat.fr\\\/en\\\/mas-farchat\\\/\"]}]},{\"@type\":\"BreadcrumbList\",\"@id\":\"https:\\\/\\\/www.masfarchat.fr\\\/en\\\/mas-farchat\\\/#breadcrumb\",\"itemListElement\":[{\"@type\":\"ListItem\",\"position\":1,\"name\":\"Accueil\",\"item\":\"https:\\\/\\\/www.masfarchat.fr\\\/en\\\/\"},{\"@type\":\"ListItem\",\"position\":2,\"name\":\"The domain\"}]},{\"@type\":\"WebSite\",\"@id\":\"https:\\\/\\\/www.masfarchat.fr\\\/en\\\/#website\",\"url\":\"https:\\\/\\\/www.masfarchat.fr\\\/en\\\/\",\"name\":\"Mas Farchat\",\"description\":\"Site en construction\",\"publisher\":{\"@id\":\"https:\\\/\\\/www.masfarchat.fr\\\/en\\\/#organization\"},\"potentialAction\":[{\"@type\":\"SearchAction\",\"target\":{\"@type\":\"EntryPoint\",\"urlTemplate\":\"https:\\\/\\\/www.masfarchat.fr\\\/en\\\/?s={search_term_string}\"},\"query-input\":{\"@type\":\"PropertyValueSpecification\",\"valueRequired\":true,\"valueName\":\"search_term_string\"}}],\"inLanguage\":\"en-US\"},{\"@type\":\"Organization\",\"@id\":\"https:\\\/\\\/www.masfarchat.fr\\\/en\\\/#organization\",\"name\":\"Mas Farchat\",\"url\":\"https:\\\/\\\/www.masfarchat.fr\\\/en\\\/\",\"logo\":{\"@type\":\"ImageObject\",\"inLanguage\":\"en-US\",\"@id\":\"https:\\\/\\\/www.masfarchat.fr\\\/en\\\/#\\\/schema\\\/logo\\\/image\\\/\",\"url\":\"https:\\\/\\\/www.masfarchat.fr\\\/wp-content\\\/uploads\\\/2015\\\/07\\\/portfolio-kakemonos.jpg\",\"contentUrl\":\"https:\\\/\\\/www.masfarchat.fr\\\/wp-content\\\/uploads\\\/2015\\\/07\\\/portfolio-kakemonos.jpg\",\"width\":1100,\"height\":824,\"caption\":\"Mas Farchat\"},\"image\":{\"@id\":\"https:\\\/\\\/www.masfarchat.fr\\\/en\\\/#\\\/schema\\\/logo\\\/image\\\/\"},\"sameAs\":[\"https:\\\/\\\/www.facebook.com\\\/masfarchat\",\"https:\\\/\\\/x.com\\\/MasFarchat\",\"https:\\\/\\\/www.instagram.com\\\/masfarchat\\\/\",\"https:\\\/\\\/fr.pinterest.com\\\/masfarchat\\\/\"]}]}<\/script>\n<!-- \/ Yoast SEO plugin. -->","yoast_head_json":{"title":"H\u00e9l\u00e8ne Jougla winemaker in South of France","robots":{"index":"index","follow":"follow","max-snippet":"max-snippet:-1","max-image-preview":"max-image-preview:large","max-video-preview":"max-video-preview:-1"},"canonical":"https:\/\/www.masfarchat.fr\/en\/mas-farchat\/","og_locale":"en_US","og_type":"article","og_title":"H\u00e9l\u00e8ne Jougla winemaker in South of France","og_description":"[vc_row row_type=&#8221;row&#8221; use_row_as_full_screen_section=&#8221;yes&#8221; type=&#8221;full_width&#8221; icon_pack=&#8221;font_awesome&#8221; oblique_section=&#8221;no&#8221; oblique_section_top_and_bottom=&#8221;both&#8221; oblique_section_position=&#8221;from_left_to_right&#8221; text_align=&#8221;left&#8221; triangle_shape=&#8221;no&#8221; triangle_shape_position=&#8221;both&#8221; full_screen_section_height=&#8221;no&#8221; vertically_align_content_in_middle=&#8221;no&#8221; in_content_menu=&#8221;&#8221; pattern_background=&#8221;&#8221; use_as_box=&#8221;&#8221; box_shadow_on_row=&#8221;no&#8221;][vc_column width=&#8221;1\/1&#8243;][no_vertical_split_slider background_color=&#8221;#181818&#8243;][no_vertical_left_sliding_panel][no_vertical_slide_content_item background_color=&#8221;#181818&#8243; aligment=&#8221;left&#8221;][no_elements_holder number_of_columns=&#8221;one_column&#8221; items_float_left=&#8221;&#8221; switch_to_one_column=&#8221;768&#8243;][no_elements_holder_item item_padding=&#8221;0 10% 0 10%&#8221; aligment=&#8221;left&#8221; advanced_animations=&#8221;no&#8221; start_position=&#8221;bottom&#8221; end_position=&#8221;center&#8221; item_padding_600_768=&#8221;0 5% 0 5%&#8221; item_padding_480_600=&#8221;0 4% 0 4%&#8221; item_padding_480=&#8221;0 4% 0 4%&#8221; item_padding_768_1000=&#8221;0 5% 0 5%&#8221;][vc_column_text] The domain [\/vc_column_text][vc_separator type=&#8221;transparent&#8221; position=&#8221;center&#8221; up=&#8221;10&#8243; down=&#8221;0&#8243;][vc_column_text] From the cave to the cellar [\/vc_column_text][vc_separator type=&#8221;transparent&#8221; position=&#8221;center&#8221; up=&#8221;11&#8243; down=&#8221;0&#8243;][vc_column_text]Mas Farchat is in the small village of Gabian, northwest of P\u00e9zenas, and located at the heart of the region of the appelation Coteaux du Languedoc, between Faug\u00e8res and Cabri\u00e8res. Since 2011 this family-run domaine has started to make its own wines: the first results of this new enterprise are two red wines: Genese and Mas Farchat, and a white wine and a rose will...","og_url":"https:\/\/www.masfarchat.fr\/en\/mas-farchat\/","og_site_name":"Mas Farchat","article_publisher":"https:\/\/www.facebook.com\/masfarchat","article_modified_time":"2015-09-12T11:08:31+00:00","og_image":[{"width":1000,"height":1000,"url":"https:\/\/www.masfarchat.fr\/wp-content\/uploads\/2015\/12\/quiz-Mas-Farchat2.jpg","type":"image\/jpeg"}],"twitter_card":"summary_large_image","twitter_site":"@MasFarchat","twitter_misc":{"Est. reading time":"4 minutes"},"schema":{"@context":"https:\/\/schema.org","@graph":[{"@type":"WebPage","@id":"https:\/\/www.masfarchat.fr\/en\/mas-farchat\/","url":"https:\/\/www.masfarchat.fr\/en\/mas-farchat\/","name":"H\u00e9l\u00e8ne Jougla winemaker in South of France","isPartOf":{"@id":"https:\/\/www.masfarchat.fr\/en\/#website"},"datePublished":"2015-07-28T09:53:45+00:00","dateModified":"2015-09-12T11:08:31+00:00","breadcrumb":{"@id":"https:\/\/www.masfarchat.fr\/en\/mas-farchat\/#breadcrumb"},"inLanguage":"en-US","potentialAction":[{"@type":"ReadAction","target":["https:\/\/www.masfarchat.fr\/en\/mas-farchat\/"]}]},{"@type":"BreadcrumbList","@id":"https:\/\/www.masfarchat.fr\/en\/mas-farchat\/#breadcrumb","itemListElement":[{"@type":"ListItem","position":1,"name":"Accueil","item":"https:\/\/www.masfarchat.fr\/en\/"},{"@type":"ListItem","position":2,"name":"The domain"}]},{"@type":"WebSite","@id":"https:\/\/www.masfarchat.fr\/en\/#website","url":"https:\/\/www.masfarchat.fr\/en\/","name":"Mas Farchat","description":"Site en construction","publisher":{"@id":"https:\/\/www.masfarchat.fr\/en\/#organization"},"potentialAction":[{"@type":"SearchAction","target":{"@type":"EntryPoint","urlTemplate":"https:\/\/www.masfarchat.fr\/en\/?s={search_term_string}"},"query-input":{"@type":"PropertyValueSpecification","valueRequired":true,"valueName":"search_term_string"}}],"inLanguage":"en-US"},{"@type":"Organization","@id":"https:\/\/www.masfarchat.fr\/en\/#organization","name":"Mas Farchat","url":"https:\/\/www.masfarchat.fr\/en\/","logo":{"@type":"ImageObject","inLanguage":"en-US","@id":"https:\/\/www.masfarchat.fr\/en\/#\/schema\/logo\/image\/","url":"https:\/\/www.masfarchat.fr\/wp-content\/uploads\/2015\/07\/portfolio-kakemonos.jpg","contentUrl":"https:\/\/www.masfarchat.fr\/wp-content\/uploads\/2015\/07\/portfolio-kakemonos.jpg","width":1100,"height":824,"caption":"Mas Farchat"},"image":{"@id":"https:\/\/www.masfarchat.fr\/en\/#\/schema\/logo\/image\/"},"sameAs":["https:\/\/www.facebook.com\/masfarchat","https:\/\/x.com\/MasFarchat","https:\/\/www.instagram.com\/masfarchat\/","https:\/\/fr.pinterest.com\/masfarchat\/"]}]}},"_links":{"self":[{"href":"https:\/\/www.masfarchat.fr\/en\/wp-json\/wp\/v2\/pages\/51733","targetHints":{"allow":["GET"]}}],"collection":[{"href":"https:\/\/www.masfarchat.fr\/en\/wp-json\/wp\/v2\/pages"}],"about":[{"href":"https:\/\/www.masfarchat.fr\/en\/wp-json\/wp\/v2\/types\/page"}],"author":[{"embeddable":true,"href":"https:\/\/www.masfarchat.fr\/en\/wp-json\/wp\/v2\/users\/1"}],"replies":[{"embeddable":true,"href":"https:\/\/www.masfarchat.fr\/en\/wp-json\/wp\/v2\/comments?post=51733"}],"version-history":[{"count":0,"href":"https:\/\/www.masfarchat.fr\/en\/wp-json\/wp\/v2\/pages\/51733\/revisions"}],"wp:attachment":[{"href":"https:\/\/www.masfarchat.fr\/en\/wp-json\/wp\/v2\/media?parent=51733"}],"curies":[{"name":"wp","href":"https:\/\/api.w.org\/{rel}","templated":true}]}}